{"id":59,"date":"2016-01-21T22:10:56","date_gmt":"2016-01-21T21:10:56","guid":{"rendered":"http:\/\/www.annamiamarks.eu\/annamiamarks.eu\/?page_id=59"},"modified":"2023-02-16T15:35:31","modified_gmt":"2023-02-16T14:35:31","slug":"les-chevaux","status":"publish","type":"page","link":"https:\/\/www.annamiamarks.eu\/annamiamarks.eu\/les-chevaux\/","title":{"rendered":"Les trois chevaux"},"content":{"rendered":"\n<p><\/p>\n\n\n<p>Les trois chevaux Padmo, Primero et Thalysa ont \u00e9t\u00e9 adopt\u00e9s par l&#8217;association Kotahitanga<\/p>\n<p>Depuis leurs naissances ils ont \u00e9t\u00e9 respect\u00e9s dans leur propre nature de cheval, c&#8217;est \u00e0 dire le plus naturellement possible. Ils vivent en libert\u00e9 dans de grands pr\u00e9s et beaucoup d&#8217;espace pour se d\u00e9placer. Ils n&#8217;ont\u00a0 jamais connu ni de fers ni de mors.\u00a0<\/p>\n<p><a href=\"http:\/\/www.annamiamarks.eu\/annamiamarks.eu\/wp-content\/uploads\/2023\/01\/IMG-20220306-WA0003.jpg\"><img loading=\"lazy\" decoding=\"async\" class=\"alignnone  wp-image-254\" src=\"http:\/\/www.annamiamarks.eu\/annamiamarks.eu\/wp-content\/uploads\/2023\/01\/IMG-20220306-WA0003-300x225.jpg\" alt=\"\" width=\"399\" height=\"299\" srcset=\"https:\/\/www.annamiamarks.eu\/annamiamarks.eu\/wp-content\/uploads\/2023\/01\/IMG-20220306-WA0003-300x225.jpg 300w, https:\/\/www.annamiamarks.eu\/annamiamarks.eu\/wp-content\/uploads\/2023\/01\/IMG-20220306-WA0003-768x576.jpg 768w, https:\/\/www.annamiamarks.eu\/annamiamarks.eu\/wp-content\/uploads\/2023\/01\/IMG-20220306-WA0003.jpg 1024w\" sizes=\"auto, (max-width: 399px) 100vw, 399px\" \/><\/a><\/p>\n<p><a href=\"http:\/\/www.annamiamarks.eu\/annamiamarks.eu\/wp-content\/uploads\/2023\/01\/IMAG0324-scaled.jpg\"><img loading=\"lazy\" decoding=\"async\" class=\"alignnone  wp-image-253\" src=\"http:\/\/www.annamiamarks.eu\/annamiamarks.eu\/wp-content\/uploads\/2023\/01\/IMAG0324-300x169.jpg\" alt=\"\" width=\"407\" height=\"229\" srcset=\"https:\/\/www.annamiamarks.eu\/annamiamarks.eu\/wp-content\/uploads\/2023\/01\/IMAG0324-300x169.jpg 300w, https:\/\/www.annamiamarks.eu\/annamiamarks.eu\/wp-content\/uploads\/2023\/01\/IMAG0324-1024x577.jpg 1024w, https:\/\/www.annamiamarks.eu\/annamiamarks.eu\/wp-content\/uploads\/2023\/01\/IMAG0324-768x433.jpg 768w, https:\/\/www.annamiamarks.eu\/annamiamarks.eu\/wp-content\/uploads\/2023\/01\/IMAG0324-1536x866.jpg 1536w, https:\/\/www.annamiamarks.eu\/annamiamarks.eu\/wp-content\/uploads\/2023\/01\/IMAG0324-2048x1155.jpg 2048w\" sizes=\"auto, (max-width: 407px) 100vw, 407px\" \/><\/a>PADMO<\/p>\n<div id=\"attachment_343\" style=\"width: 374px\" class=\"wp-caption alignright\"><a href=\"http:\/\/www.annamiamarks.eu\/annamiamarks.eu\/wp-content\/uploads\/2023\/01\/IMG-20220303-WA0005.jpg\"><img loading=\"lazy\" decoding=\"async\" aria-describedby=\"caption-attachment-343\" class=\"wp-image-343\" src=\"http:\/\/www.annamiamarks.eu\/annamiamarks.eu\/wp-content\/uploads\/2023\/01\/IMG-20220303-WA0005-300x225.jpg\" alt=\"\" width=\"364\" height=\"273\" srcset=\"https:\/\/www.annamiamarks.eu\/annamiamarks.eu\/wp-content\/uploads\/2023\/01\/IMG-20220303-WA0005-300x225.jpg 300w, https:\/\/www.annamiamarks.eu\/annamiamarks.eu\/wp-content\/uploads\/2023\/01\/IMG-20220303-WA0005-768x576.jpg 768w, https:\/\/www.annamiamarks.eu\/annamiamarks.eu\/wp-content\/uploads\/2023\/01\/IMG-20220303-WA0005.jpg 1024w\" sizes=\"auto, (max-width: 364px) 100vw, 364px\" \/><\/a><p id=\"caption-attachment-343\" class=\"wp-caption-text\">THALYSA<\/p><\/div>\n<p><a href=\"http:\/\/www.annamiamarks.eu\/annamiamarks.eu\/wp-content\/uploads\/2023\/01\/20210116_123921-scaled.jpg\"><img loading=\"lazy\" decoding=\"async\" class=\"alignnone  wp-image-347\" src=\"http:\/\/www.annamiamarks.eu\/annamiamarks.eu\/wp-content\/uploads\/2023\/01\/20210116_123921-225x300.jpg\" alt=\"\" width=\"265\" height=\"353\" srcset=\"https:\/\/www.annamiamarks.eu\/annamiamarks.eu\/wp-content\/uploads\/2023\/01\/20210116_123921-225x300.jpg 225w, https:\/\/www.annamiamarks.eu\/annamiamarks.eu\/wp-content\/uploads\/2023\/01\/20210116_123921-768x1024.jpg 768w, https:\/\/www.annamiamarks.eu\/annamiamarks.eu\/wp-content\/uploads\/2023\/01\/20210116_123921-1152x1536.jpg 1152w, https:\/\/www.annamiamarks.eu\/annamiamarks.eu\/wp-content\/uploads\/2023\/01\/20210116_123921-1536x2048.jpg 1536w, https:\/\/www.annamiamarks.eu\/annamiamarks.eu\/wp-content\/uploads\/2023\/01\/20210116_123921-scaled.jpg 1920w\" sizes=\"auto, (max-width: 265px) 100vw, 265px\" \/><\/a>PRIMERO<\/p>\n<p><a href=\"http:\/\/www.annamiamarks.eu\/annamiamarks.eu\/wp-content\/uploads\/2016\/01\/DSC7769.jpg\"><img loading=\"lazy\" decoding=\"async\" class=\"alignnone wp-image-48\" src=\"http:\/\/www.annamiamarks.eu\/annamiamarks.eu\/wp-content\/uploads\/2016\/01\/DSC7769-300x199.jpg\" alt=\"_DSC7769\" width=\"470\" height=\"312\" srcset=\"https:\/\/www.annamiamarks.eu\/annamiamarks.eu\/wp-content\/uploads\/2016\/01\/DSC7769-300x199.jpg 300w, https:\/\/www.annamiamarks.eu\/annamiamarks.eu\/wp-content\/uploads\/2016\/01\/DSC7769-1024x680.jpg 1024w\" sizes=\"auto, (max-width: 470px) 100vw, 470px\" \/><\/a><\/p>\n<p><a href=\"http:\/\/www.annamiamarks.eu\/annamiamarks.eu\/wp-content\/uploads\/2016\/01\/DSC7898.jpg\"><img loading=\"lazy\" decoding=\"async\" class=\"wp-image-51 alignright\" src=\"http:\/\/www.annamiamarks.eu\/annamiamarks.eu\/wp-content\/uploads\/2016\/01\/DSC7898-300x199.jpg\" alt=\"_DSC7898\" width=\"499\" height=\"331\" srcset=\"https:\/\/www.annamiamarks.eu\/annamiamarks.eu\/wp-content\/uploads\/2016\/01\/DSC7898-300x199.jpg 300w, https:\/\/www.annamiamarks.eu\/annamiamarks.eu\/wp-content\/uploads\/2016\/01\/DSC7898-1024x680.jpg 1024w\" sizes=\"auto, (max-width: 499px) 100vw, 499px\" \/><\/a><\/p>","protected":false},"excerpt":{"rendered":"<p>Les trois chevaux Padmo, Primero et Thalysa ont \u00e9t\u00e9 adopt\u00e9s par l&#8217;association Kotahitanga Depuis leurs naissances ils ont \u00e9t\u00e9 respect\u00e9s dans leur propre nature de cheval, c&#8217;est \u00e0 dire le plus naturellement possible. Ils vivent en libert\u00e9 dans de grands &hellip; <a href=\"https:\/\/www.annamiamarks.eu\/annamiamarks.eu\/les-chevaux\/\">Lees verder <span class=\"meta-nav\">&rarr;<\/span><\/a><\/p>\n","protected":false},"author":1,"featured_media":0,"parent":0,"menu_order":-3,"comment_status":"closed","ping_status":"closed","template":"onecolumn-page.php","meta":{"footnotes":""},"class_list":["post-59","page","type-page","status-publish","hentry"],"yoast_head":"<!-- This site is optimized with the Yoast SEO plugin v27.0 - https:\/\/yoast.com\/product\/yoast-seo-wordpress\/ -->\n<title>Les trois chevaux - Anna-Mia Marks - \u00c9nerg\u00e9ticienne en Dordogne<\/title>\n<meta name=\"robots\" content=\"index, follow, max-snippet:-1, max-image-preview:large, max-video-preview:-1\" \/>\n<link rel=\"canonical\" href=\"https:\/\/www.annamiamarks.eu\/annamiamarks.eu\/les-chevaux\/\" \/>\n<meta property=\"og:locale\" content=\"nl_NL\" \/>\n<meta property=\"og:type\" content=\"article\" \/>\n<meta property=\"og:title\" content=\"Les trois chevaux - Anna-Mia Marks - \u00c9nerg\u00e9ticienne en Dordogne\" \/>\n<meta property=\"og:description\" content=\"Les trois chevaux Padmo, Primero et Thalysa ont \u00e9t\u00e9 adopt\u00e9s par l&#8217;association Kotahitanga Depuis leurs naissances ils ont \u00e9t\u00e9 respect\u00e9s dans leur propre nature de cheval, c&#8217;est \u00e0 dire le plus naturellement possible. Ils vivent en libert\u00e9 dans de grands &hellip; Lees verder &rarr;\" \/>\n<meta property=\"og:url\" content=\"https:\/\/www.annamiamarks.eu\/annamiamarks.eu\/les-chevaux\/\" \/>\n<meta property=\"og:site_name\" content=\"Anna-Mia Marks - \u00c9nerg\u00e9ticienne en Dordogne\" \/>\n<meta property=\"article:modified_time\" content=\"2023-02-16T14:35:31+00:00\" \/>\n<meta property=\"og:image\" content=\"http:\/\/www.annamiamarks.eu\/annamiamarks.eu\/wp-content\/uploads\/2023\/01\/IMG-20220306-WA0003-300x225.jpg\" \/>\n<meta name=\"twitter:card\" content=\"summary_large_image\" \/>\n<script type=\"application\/ld+json\" class=\"yoast-schema-graph\">{\"@context\":\"https:\/\/schema.org\",\"@graph\":[{\"@type\":\"WebPage\",\"@id\":\"https:\/\/www.annamiamarks.eu\/annamiamarks.eu\/les-chevaux\/\",\"url\":\"https:\/\/www.annamiamarks.eu\/annamiamarks.eu\/les-chevaux\/\",\"name\":\"Les trois chevaux - Anna-Mia Marks - \u00c9nerg\u00e9ticienne en Dordogne\",\"isPartOf\":{\"@id\":\"https:\/\/www.annamiamarks.eu\/annamiamarks.eu\/#website\"},\"primaryImageOfPage\":{\"@id\":\"https:\/\/www.annamiamarks.eu\/annamiamarks.eu\/les-chevaux\/#primaryimage\"},\"image\":{\"@id\":\"https:\/\/www.annamiamarks.eu\/annamiamarks.eu\/les-chevaux\/#primaryimage\"},\"thumbnailUrl\":\"http:\/\/www.annamiamarks.eu\/annamiamarks.eu\/wp-content\/uploads\/2023\/01\/IMG-20220306-WA0003-300x225.jpg\",\"datePublished\":\"2016-01-21T21:10:56+00:00\",\"dateModified\":\"2023-02-16T14:35:31+00:00\",\"breadcrumb\":{\"@id\":\"https:\/\/www.annamiamarks.eu\/annamiamarks.eu\/les-chevaux\/#breadcrumb\"},\"inLanguage\":\"nl-NL\",\"potentialAction\":[{\"@type\":\"ReadAction\",\"target\":[\"https:\/\/www.annamiamarks.eu\/annamiamarks.eu\/les-chevaux\/\"]}]},{\"@type\":\"ImageObject\",\"inLanguage\":\"nl-NL\",\"@id\":\"https:\/\/www.annamiamarks.eu\/annamiamarks.eu\/les-chevaux\/#primaryimage\",\"url\":\"http:\/\/www.annamiamarks.eu\/annamiamarks.eu\/wp-content\/uploads\/2023\/01\/IMG-20220306-WA0003-300x225.jpg\",\"contentUrl\":\"http:\/\/www.annamiamarks.eu\/annamiamarks.eu\/wp-content\/uploads\/2023\/01\/IMG-20220306-WA0003-300x225.jpg\"},{\"@type\":\"BreadcrumbList\",\"@id\":\"https:\/\/www.annamiamarks.eu\/annamiamarks.eu\/les-chevaux\/#breadcrumb\",\"itemListElement\":[{\"@type\":\"ListItem\",\"position\":1,\"name\":\"Home\",\"item\":\"https:\/\/www.annamiamarks.eu\/annamiamarks.eu\/\"},{\"@type\":\"ListItem\",\"position\":2,\"name\":\"Les trois chevaux\"}]},{\"@type\":\"WebSite\",\"@id\":\"https:\/\/www.annamiamarks.eu\/annamiamarks.eu\/#website\",\"url\":\"https:\/\/www.annamiamarks.eu\/annamiamarks.eu\/\",\"name\":\"Anna-Mia Marks - \u00c9nerg\u00e9ticienne en Dordogne\",\"description\":\"soins \u00e9nerg\u00e9tique\",\"publisher\":{\"@id\":\"https:\/\/www.annamiamarks.eu\/annamiamarks.eu\/#\/schema\/person\/755dc4a1ca96984f380cc82865ef8e85\"},\"potentialAction\":[{\"@type\":\"SearchAction\",\"target\":{\"@type\":\"EntryPoint\",\"urlTemplate\":\"https:\/\/www.annamiamarks.eu\/annamiamarks.eu\/?s={search_term_string}\"},\"query-input\":{\"@type\":\"PropertyValueSpecification\",\"valueRequired\":true,\"valueName\":\"search_term_string\"}}],\"inLanguage\":\"nl-NL\"},{\"@type\":[\"Person\",\"Organization\"],\"@id\":\"https:\/\/www.annamiamarks.eu\/annamiamarks.eu\/#\/schema\/person\/755dc4a1ca96984f380cc82865ef8e85\",\"name\":\"AMBMarks\",\"image\":{\"@type\":\"ImageObject\",\"inLanguage\":\"nl-NL\",\"@id\":\"https:\/\/www.annamiamarks.eu\/annamiamarks.eu\/#\/schema\/person\/image\/\",\"url\":\"https:\/\/secure.gravatar.com\/avatar\/24fcb900c734e08fbbe8c9369b8672d9384edcd4131bc12870c92330cbe55db8?s=96&d=mm&r=g\",\"contentUrl\":\"https:\/\/secure.gravatar.com\/avatar\/24fcb900c734e08fbbe8c9369b8672d9384edcd4131bc12870c92330cbe55db8?s=96&d=mm&r=g\",\"caption\":\"AMBMarks\"},\"logo\":{\"@id\":\"https:\/\/www.annamiamarks.eu\/annamiamarks.eu\/#\/schema\/person\/image\/\"}}]}<\/script>\n<!-- \/ Yoast SEO plugin. -->","yoast_head_json":{"title":"Les trois chevaux - Anna-Mia Marks - \u00c9nerg\u00e9ticienne en Dordogne","robots":{"index":"index","follow":"follow","max-snippet":"max-snippet:-1","max-image-preview":"max-image-preview:large","max-video-preview":"max-video-preview:-1"},"canonical":"https:\/\/www.annamiamarks.eu\/annamiamarks.eu\/les-chevaux\/","og_locale":"nl_NL","og_type":"article","og_title":"Les trois chevaux - Anna-Mia Marks - \u00c9nerg\u00e9ticienne en Dordogne","og_description":"Les trois chevaux Padmo, Primero et Thalysa ont \u00e9t\u00e9 adopt\u00e9s par l&#8217;association Kotahitanga Depuis leurs naissances ils ont \u00e9t\u00e9 respect\u00e9s dans leur propre nature de cheval, c&#8217;est \u00e0 dire le plus naturellement possible. Ils vivent en libert\u00e9 dans de grands &hellip; Lees verder &rarr;","og_url":"https:\/\/www.annamiamarks.eu\/annamiamarks.eu\/les-chevaux\/","og_site_name":"Anna-Mia Marks - \u00c9nerg\u00e9ticienne en Dordogne","article_modified_time":"2023-02-16T14:35:31+00:00","og_image":[{"url":"http:\/\/www.annamiamarks.eu\/annamiamarks.eu\/wp-content\/uploads\/2023\/01\/IMG-20220306-WA0003-300x225.jpg","type":"","width":"","height":""}],"twitter_card":"summary_large_image","schema":{"@context":"https:\/\/schema.org","@graph":[{"@type":"WebPage","@id":"https:\/\/www.annamiamarks.eu\/annamiamarks.eu\/les-chevaux\/","url":"https:\/\/www.annamiamarks.eu\/annamiamarks.eu\/les-chevaux\/","name":"Les trois chevaux - Anna-Mia Marks - \u00c9nerg\u00e9ticienne en Dordogne","isPartOf":{"@id":"https:\/\/www.annamiamarks.eu\/annamiamarks.eu\/#website"},"primaryImageOfPage":{"@id":"https:\/\/www.annamiamarks.eu\/annamiamarks.eu\/les-chevaux\/#primaryimage"},"image":{"@id":"https:\/\/www.annamiamarks.eu\/annamiamarks.eu\/les-chevaux\/#primaryimage"},"thumbnailUrl":"http:\/\/www.annamiamarks.eu\/annamiamarks.eu\/wp-content\/uploads\/2023\/01\/IMG-20220306-WA0003-300x225.jpg","datePublished":"2016-01-21T21:10:56+00:00","dateModified":"2023-02-16T14:35:31+00:00","breadcrumb":{"@id":"https:\/\/www.annamiamarks.eu\/annamiamarks.eu\/les-chevaux\/#breadcrumb"},"inLanguage":"nl-NL","potentialAction":[{"@type":"ReadAction","target":["https:\/\/www.annamiamarks.eu\/annamiamarks.eu\/les-chevaux\/"]}]},{"@type":"ImageObject","inLanguage":"nl-NL","@id":"https:\/\/www.annamiamarks.eu\/annamiamarks.eu\/les-chevaux\/#primaryimage","url":"http:\/\/www.annamiamarks.eu\/annamiamarks.eu\/wp-content\/uploads\/2023\/01\/IMG-20220306-WA0003-300x225.jpg","contentUrl":"http:\/\/www.annamiamarks.eu\/annamiamarks.eu\/wp-content\/uploads\/2023\/01\/IMG-20220306-WA0003-300x225.jpg"},{"@type":"BreadcrumbList","@id":"https:\/\/www.annamiamarks.eu\/annamiamarks.eu\/les-chevaux\/#breadcrumb","itemListElement":[{"@type":"ListItem","position":1,"name":"Home","item":"https:\/\/www.annamiamarks.eu\/annamiamarks.eu\/"},{"@type":"ListItem","position":2,"name":"Les trois chevaux"}]},{"@type":"WebSite","@id":"https:\/\/www.annamiamarks.eu\/annamiamarks.eu\/#website","url":"https:\/\/www.annamiamarks.eu\/annamiamarks.eu\/","name":"Anna-Mia Marks - \u00c9nerg\u00e9ticienne en Dordogne","description":"soins \u00e9nerg\u00e9tique","publisher":{"@id":"https:\/\/www.annamiamarks.eu\/annamiamarks.eu\/#\/schema\/person\/755dc4a1ca96984f380cc82865ef8e85"},"potentialAction":[{"@type":"SearchAction","target":{"@type":"EntryPoint","urlTemplate":"https:\/\/www.annamiamarks.eu\/annamiamarks.eu\/?s={search_term_string}"},"query-input":{"@type":"PropertyValueSpecification","valueRequired":true,"valueName":"search_term_string"}}],"inLanguage":"nl-NL"},{"@type":["Person","Organization"],"@id":"https:\/\/www.annamiamarks.eu\/annamiamarks.eu\/#\/schema\/person\/755dc4a1ca96984f380cc82865ef8e85","name":"AMBMarks","image":{"@type":"ImageObject","inLanguage":"nl-NL","@id":"https:\/\/www.annamiamarks.eu\/annamiamarks.eu\/#\/schema\/person\/image\/","url":"https:\/\/secure.gravatar.com\/avatar\/24fcb900c734e08fbbe8c9369b8672d9384edcd4131bc12870c92330cbe55db8?s=96&d=mm&r=g","contentUrl":"https:\/\/secure.gravatar.com\/avatar\/24fcb900c734e08fbbe8c9369b8672d9384edcd4131bc12870c92330cbe55db8?s=96&d=mm&r=g","caption":"AMBMarks"},"logo":{"@id":"https:\/\/www.annamiamarks.eu\/annamiamarks.eu\/#\/schema\/person\/image\/"}}]}},"_links":{"self":[{"href":"https:\/\/www.annamiamarks.eu\/annamiamarks.eu\/wp-json\/wp\/v2\/pages\/59","targetHints":{"allow":["GET"]}}],"collection":[{"href":"https:\/\/www.annamiamarks.eu\/annamiamarks.eu\/wp-json\/wp\/v2\/pages"}],"about":[{"href":"https:\/\/www.annamiamarks.eu\/annamiamarks.eu\/wp-json\/wp\/v2\/types\/page"}],"author":[{"embeddable":true,"href":"https:\/\/www.annamiamarks.eu\/annamiamarks.eu\/wp-json\/wp\/v2\/users\/1"}],"replies":[{"embeddable":true,"href":"https:\/\/www.annamiamarks.eu\/annamiamarks.eu\/wp-json\/wp\/v2\/comments?post=59"}],"version-history":[{"count":16,"href":"https:\/\/www.annamiamarks.eu\/annamiamarks.eu\/wp-json\/wp\/v2\/pages\/59\/revisions"}],"predecessor-version":[{"id":411,"href":"https:\/\/www.annamiamarks.eu\/annamiamarks.eu\/wp-json\/wp\/v2\/pages\/59\/revisions\/411"}],"wp:attachment":[{"href":"https:\/\/www.annamiamarks.eu\/annamiamarks.eu\/wp-json\/wp\/v2\/media?parent=59"}],"curies":[{"name":"wp","href":"https:\/\/api.w.org\/{rel}","templated":true}]}}